{"id":13,"date":"2018-08-30T20:01:19","date_gmt":"2018-08-30T18:01:19","guid":{"rendered":"http:\/\/wiedza.designyourlife.pl\/index.php\/lista-kursow\/"},"modified":"2018-08-30T20:01:19","modified_gmt":"2018-08-30T18:01:19","slug":"lista-kursow","status":"publish","type":"page","link":"https:\/\/wiedza.designyourlife.pl\/","title":{"rendered":"Lista kurs\u00f3w"},"content":{"rendered":"\t\t<div\n\t\t\tclass=\"edd_downloads_list edd_download_columns_3\">\n\t\t\t\t\t\t\t\t\t\t\t<div\n\t\t\t\t\tclass=\"box-wrapper\"\n\t\t\t\t\tid=\"edd_download_102\">\n\t\t\t\t\t\t\t\t\t\t\t<a href=\"https:\/\/wiedza.designyourlife.pl\/index.php\/product\/planowanie-w-praktyce\/\" title=\"Planowanie w praktyce\" class=\"thumb\">\n\t\t\t\t\t\t\t\t\t\t\t\t\t\t\t<img width=\"1200\" height=\"800\" src=\"https:\/\/wiedza.designyourlife.pl\/wp-content\/uploads\/2018\/09\/ikona-mini2-1200.jpg\" class=\"attachment-post-thumbnail size-post-thumbnail wp-post-image\" alt=\"\" loading=\"lazy\" srcset=\"https:\/\/wiedza.designyourlife.pl\/wp-content\/uploads\/2018\/09\/ikona-mini2-1200.jpg 1200w, https:\/\/wiedza.designyourlife.pl\/wp-content\/uploads\/2018\/09\/ikona-mini2-1200-300x200.jpg 300w, https:\/\/wiedza.designyourlife.pl\/wp-content\/uploads\/2018\/09\/ikona-mini2-1200-768x512.jpg 768w, https:\/\/wiedza.designyourlife.pl\/wp-content\/uploads\/2018\/09\/ikona-mini2-1200-1024x683.jpg 1024w\" sizes=\"100vw\" \/>\t\t\t\t\t\t\t\t\t\t\t\t\t<\/a>\n\t\t\t\t\t\t\t\t\t\t\t<div class=\"content\">\n\t\t\t\t\t\t<h3 itemprop=\"name\" class=\"edd_download_title\">\n\t<a title=\"Planowanie w praktyce\" itemprop=\"url\" href=\"https:\/\/wiedza.designyourlife.pl\/index.php\/product\/planowanie-w-praktyce\/\">Planowanie w praktyce<\/a>\n<\/h3>\n\t<div itemprop=\"description\" class=\"edd_download_excerpt\">\n\t\t<p>Mini-kurs wideo \u2013 wykorzystanie w praktyce Kalendarza Google + Trello.<\/p>\n\t<\/div>\n\t\t\t\t\t<\/div>\n\t\t\t\t\t<div class=\"bottom\">\n\t\t\t\t\t\t\t<form class=\"edd-sales-disabled\" data-eddcm-sales-disabled-reason=\"Sprzeda\u017c wy\u0142\u0105czona\" data-eddcm-sales-disabled-reason-long=\"Sprzeda\u017c tego kursy jest obecnie wy\u0142\u0105czona.\" id=\"edd_purchase_102\" class=\"edd_download_purchase_form edd_purchase_102\" method=\"post\">\n\n\t\t\n\t\t<div class=\"edd_purchase_submit_wrapper\">\n\t\t\t<a href=\"#\" class=\"edd-add-to-cart   button\" data-action=\"edd_add_to_cart\" data-download-id=\"102\" data-variable-price=\"no\" data-price-mode=single data-price=\"99.00\" ><span class=\"edd-add-to-cart-label\">99.00 PLN&nbsp;&ndash;&nbsp;Zam\u00f3w<\/span> <span class=\"edd-loading\"><i class=\"edd-icon-spinner edd-icon-spin\"><\/i><\/span><\/a><input type=\"submit\" class=\"edd-add-to-cart edd-no-js   button\" name=\"edd_purchase_download\" value=\"99.00 PLN&nbsp;&ndash;&nbsp;Zam\u00f3w\" data-action=\"edd_add_to_cart\" data-download-id=\"102\" data-variable-price=\"no\" data-price-mode=single \/><a href=\"https:\/\/wiedza.designyourlife.pl\/index.php\/zamowienie\/\" class=\"edd_go_to_checkout   button\" style=\"display:none;\">Przejd\u017a do kasy<\/a>\n\t\t\t\t\t\t\t<span class=\"edd-cart-ajax-alert\" aria-live=\"assertive\">\n\t\t\t\t\t<span class=\"edd-cart-added-alert\" style=\"display: none;\">\n\t\t\t\t\t\t<i class=\"edd-icon-ok\" aria-hidden=\"true\"><\/i> Dodano do koszyka\t\t\t\t\t<\/span>\n\t\t\t\t<\/span>\n\t\t\t\t\t\t\t\t\t\t\t\t\t\t\t<\/div><!--end .edd_purchase_submit_wrapper-->\n\n\t\t<input type=\"hidden\" name=\"download_id\" value=\"102\">\n\t\t\t\t\t\t\t<input type=\"hidden\" name=\"edd_action\" class=\"edd_action_input\" value=\"add_to_cart\">\n\t\t\n\t\t\n\t\t\n\t<\/form><!--end #edd_purchase_102-->\n\t\t\t\t\t<\/div>\n\t\t\t\t<\/div>\n\t\t\t\t\t\t\t\t\t\t\t\t<div\n\t\t\t\t\tclass=\"box-wrapper\"\n\t\t\t\t\tid=\"edd_download_86\">\n\t\t\t\t\t\t\t\t\t\t\t<a href=\"https:\/\/wiedza.designyourlife.pl\/index.php\/product\/jak-znalezc-czas-na-zdrowy-styl-zycia\/\" title=\"Jak znale\u017a\u0107 czas na zdrowy styl \u017cycia?\" class=\"thumb\">\n\t\t\t\t\t\t\t\t\t\t\t\t\t\t\t<img width=\"3129\" height=\"2086\" src=\"https:\/\/wiedza.designyourlife.pl\/wp-content\/uploads\/2018\/09\/ikona-kurs-mini.jpg\" class=\"attachment-post-thumbnail size-post-thumbnail wp-post-image\" alt=\"\" loading=\"lazy\" srcset=\"https:\/\/wiedza.designyourlife.pl\/wp-content\/uploads\/2018\/09\/ikona-kurs-mini.jpg 3129w, https:\/\/wiedza.designyourlife.pl\/wp-content\/uploads\/2018\/09\/ikona-kurs-mini-300x200.jpg 300w, https:\/\/wiedza.designyourlife.pl\/wp-content\/uploads\/2018\/09\/ikona-kurs-mini-768x512.jpg 768w, https:\/\/wiedza.designyourlife.pl\/wp-content\/uploads\/2018\/09\/ikona-kurs-mini-1024x683.jpg 1024w\" sizes=\"100vw\" \/>\t\t\t\t\t\t\t\t\t\t\t\t\t<\/a>\n\t\t\t\t\t\t\t\t\t\t\t<div class=\"content\">\n\t\t\t\t\t\t<h3 itemprop=\"name\" class=\"edd_download_title\">\n\t<a title=\"Jak znale\u017a\u0107 czas na zdrowy styl \u017cycia?\" itemprop=\"url\" href=\"https:\/\/wiedza.designyourlife.pl\/index.php\/product\/jak-znalezc-czas-na-zdrowy-styl-zycia\/\">Jak znale\u017a\u0107 czas na zdrowy styl \u017cycia?<\/a>\n<\/h3>\n\t<div itemprop=\"description\" class=\"edd_download_excerpt\">\n\t\t<p>Mini-kurs wideo zrealizowany we wsp\u00f3\u0142pracy z dietetykiem - mgr Monik\u0105 Ciesielsk\u0105. Znajd\u017a czas na zdrowy styl \u017cycia zgodnie z sugestiami specjalisty z rozs\u0105dnym podej\u015bciem do kwestii od\u017cywiania.<\/p>\n\t<\/div>\n\t\t\t\t\t<\/div>\n\t\t\t\t\t<div class=\"bottom\">\n\t\t\t\t\t\t\t<form class=\"edd-sales-disabled\" data-eddcm-sales-disabled-reason=\"Sprzeda\u017c wy\u0142\u0105czona\" data-eddcm-sales-disabled-reason-long=\"Sprzeda\u017c tego kursy jest obecnie wy\u0142\u0105czona.\" id=\"edd_purchase_86\" class=\"edd_download_purchase_form edd_purchase_86\" method=\"post\">\n\n\t\t\n\t\t<div class=\"edd_purchase_submit_wrapper\">\n\t\t\t<a href=\"#\" class=\"edd-add-to-cart   button\" data-action=\"edd_add_to_cart\" data-download-id=\"86\" data-variable-price=\"no\" data-price-mode=single data-price=\"99.00\" ><span class=\"edd-add-to-cart-label\">99.00 PLN&nbsp;&ndash;&nbsp;Zam\u00f3w<\/span> <span class=\"edd-loading\"><i class=\"edd-icon-spinner edd-icon-spin\"><\/i><\/span><\/a><input type=\"submit\" class=\"edd-add-to-cart edd-no-js   button\" name=\"edd_purchase_download\" value=\"99.00 PLN&nbsp;&ndash;&nbsp;Zam\u00f3w\" data-action=\"edd_add_to_cart\" data-download-id=\"86\" data-variable-price=\"no\" data-price-mode=single \/><a href=\"https:\/\/wiedza.designyourlife.pl\/index.php\/zamowienie\/\" class=\"edd_go_to_checkout   button\" style=\"display:none;\">Przejd\u017a do kasy<\/a>\n\t\t\t\t\t\t\t<span class=\"edd-cart-ajax-alert\" aria-live=\"assertive\">\n\t\t\t\t\t<span class=\"edd-cart-added-alert\" style=\"display: none;\">\n\t\t\t\t\t\t<i class=\"edd-icon-ok\" aria-hidden=\"true\"><\/i> Dodano do koszyka\t\t\t\t\t<\/span>\n\t\t\t\t<\/span>\n\t\t\t\t\t\t\t\t\t\t\t\t\t\t\t<\/div><!--end .edd_purchase_submit_wrapper-->\n\n\t\t<input type=\"hidden\" name=\"download_id\" value=\"86\">\n\t\t\t\t\t\t\t<input type=\"hidden\" name=\"edd_action\" class=\"edd_action_input\" value=\"add_to_cart\">\n\t\t\n\t\t\n\t\t\n\t<\/form><!--end #edd_purchase_86-->\n\t\t\t\t\t<\/div>\n\t\t\t\t<\/div>\n\t\t\t\t\t\t\t\t\t\t\t\t<div\n\t\t\t\t\tclass=\"box-wrapper\"\n\t\t\t\t\tid=\"edd_download_20\">\n\t\t\t\t\t\t\t\t\t\t\t<a href=\"https:\/\/wiedza.designyourlife.pl\/index.php\/product\/kurs-design-your-life\/\" title=\"Kurs Design Your Life\" class=\"thumb\">\n\t\t\t\t\t\t\t\t\t\t\t\t\t\t\t<img width=\"1200\" height=\"800\" src=\"https:\/\/wiedza.designyourlife.pl\/wp-content\/uploads\/2018\/08\/ikona-kursu-1200-1.jpg\" class=\"attachment-post-thumbnail size-post-thumbnail wp-post-image\" alt=\"KURS DESIGN YOUR LIFE\" loading=\"lazy\" srcset=\"https:\/\/wiedza.designyourlife.pl\/wp-content\/uploads\/2018\/08\/ikona-kursu-1200-1.jpg 1200w, https:\/\/wiedza.designyourlife.pl\/wp-content\/uploads\/2018\/08\/ikona-kursu-1200-1-300x200.jpg 300w, https:\/\/wiedza.designyourlife.pl\/wp-content\/uploads\/2018\/08\/ikona-kursu-1200-1-768x512.jpg 768w, https:\/\/wiedza.designyourlife.pl\/wp-content\/uploads\/2018\/08\/ikona-kursu-1200-1-1024x683.jpg 1024w\" sizes=\"100vw\" \/>\t\t\t\t\t\t\t\t\t\t\t\t\t<\/a>\n\t\t\t\t\t\t\t\t\t\t\t<div class=\"content\">\n\t\t\t\t\t\t<h3 itemprop=\"name\" class=\"edd_download_title\">\n\t<a title=\"Kurs Design Your Life\" itemprop=\"url\" href=\"https:\/\/wiedza.designyourlife.pl\/index.php\/product\/kurs-design-your-life\/\">Kurs Design Your Life<\/a>\n<\/h3>\n\t<div itemprop=\"description\" class=\"edd_download_excerpt\">\n\t\t<p>Naucz si\u0119 lepiej planowa\u0107, konsekwentnie dzia\u0142a\u0107 i zrealizuj swoje cele, osi\u0105gaj\u0105c efekty lepsze, ni\u017c kiedykolwiek.<\/p>\n\t<\/div>\n\t\t\t\t\t<\/div>\n\t\t\t\t\t<div class=\"bottom\">\n\t\t\t\t\t\t\t<form class=\"edd-sales-disabled\" data-eddcm-sales-disabled-reason=\"Sprzeda\u017c wy\u0142\u0105czona\" data-eddcm-sales-disabled-reason-long=\"Sprzeda\u017c tego kursy jest obecnie wy\u0142\u0105czona.\" id=\"edd_purchase_20\" class=\"edd_download_purchase_form edd_purchase_20\" method=\"post\">\n\n\t\t\n\t\t<div class=\"edd_purchase_submit_wrapper\">\n\t\t\t<a href=\"#\" class=\"edd-add-to-cart   button\" data-action=\"edd_add_to_cart\" data-download-id=\"20\" data-variable-price=\"no\" data-price-mode=single data-price=\"249.00\" ><span class=\"edd-add-to-cart-label\">249.00 PLN&nbsp;&ndash;&nbsp;Zam\u00f3w<\/span> <span class=\"edd-loading\"><i class=\"edd-icon-spinner edd-icon-spin\"><\/i><\/span><\/a><input type=\"submit\" class=\"edd-add-to-cart edd-no-js   button\" name=\"edd_purchase_download\" value=\"249.00 PLN&nbsp;&ndash;&nbsp;Zam\u00f3w\" data-action=\"edd_add_to_cart\" data-download-id=\"20\" data-variable-price=\"no\" data-price-mode=single \/><a href=\"https:\/\/wiedza.designyourlife.pl\/index.php\/zamowienie\/\" class=\"edd_go_to_checkout   button\" style=\"display:none;\">Przejd\u017a do kasy<\/a>\n\t\t\t\t\t\t\t<span class=\"edd-cart-ajax-alert\" aria-live=\"assertive\">\n\t\t\t\t\t<span class=\"edd-cart-added-alert\" style=\"display: none;\">\n\t\t\t\t\t\t<i class=\"edd-icon-ok\" aria-hidden=\"true\"><\/i> Dodano do koszyka\t\t\t\t\t<\/span>\n\t\t\t\t<\/span>\n\t\t\t\t\t\t\t\t\t\t\t\t\t\t\t<\/div><!--end .edd_purchase_submit_wrapper-->\n\n\t\t<input type=\"hidden\" name=\"download_id\" value=\"20\">\n\t\t\t\t\t\t\t<input type=\"hidden\" name=\"edd_action\" class=\"edd_action_input\" value=\"add_to_cart\">\n\t\t\n\t\t\n\t\t\n\t<\/form><!--end #edd_purchase_20-->\n\t\t\t\t\t<\/div>\n\t\t\t\t<\/div>\n\t\t\t\t\n\t\t\t<div style=\"clear:both;\"><\/div>\n\n\t\t\t\n\t\t\t\n\t\t\t\t\n\t\t\t\t\n\t\t\t\n\t\t<\/div>\n\t\t\n","protected":false},"excerpt":{"rendered":"","protected":false},"author":1,"featured_media":0,"parent":0,"menu_order":0,"comment_status":"closed","ping_status":"closed","template":"","meta":[],"_links":{"self":[{"href":"https:\/\/wiedza.designyourlife.pl\/index.php\/wp-json\/wp\/v2\/pages\/13"}],"collection":[{"href":"https:\/\/wiedza.designyourlife.pl\/index.php\/wp-json\/wp\/v2\/pages"}],"about":[{"href":"https:\/\/wiedza.designyourlife.pl\/index.php\/wp-json\/wp\/v2\/types\/page"}],"author":[{"embeddable":true,"href":"https:\/\/wiedza.designyourlife.pl\/index.php\/wp-json\/wp\/v2\/users\/1"}],"replies":[{"embeddable":true,"href":"https:\/\/wiedza.designyourlife.pl\/index.php\/wp-json\/wp\/v2\/comments?post=13"}],"version-history":[{"count":0,"href":"https:\/\/wiedza.designyourlife.pl\/index.php\/wp-json\/wp\/v2\/pages\/13\/revisions"}],"wp:attachment":[{"href":"https:\/\/wiedza.designyourlife.pl\/index.php\/wp-json\/wp\/v2\/media?parent=13"}],"curies":[{"name":"wp","href":"https:\/\/api.w.org\/{rel}","templated":true}]}}